{"id":43,"date":"2024-05-19T12:02:34","date_gmt":"2024-05-19T12:02:34","guid":{"rendered":"http:\/\/live-in-harmony.de\/home\/"},"modified":"2025-05-10T17:53:02","modified_gmt":"2025-05-10T17:53:02","slug":"home","status":"publish","type":"page","link":"http:\/\/live-in-harmony.de\/?page_id=43","title":{"rendered":"Home"},"content":{"rendered":"\t\t<div data-elementor-type=\"wp-page\" data-elementor-id=\"43\" class=\"elementor elementor-43\">\n\t\t\t\t<div class=\"elementor-element elementor-element-37202fe e-flex e-con-boxed e-con e-parent\" data-id=\"37202fe\" data-element_type=\"container\" data-e-type=\"container\">\n\t\t\t\t\t<div class=\"e-con-inner\">\n\t\t<div class=\"elementor-element elementor-element-3247ad2 e-con-full e-flex e-con e-child\" data-id=\"3247ad2\" data-element_type=\"container\" data-e-type=\"container\">\n\t\t\t\t<div class=\"elementor-element elementor-element-23a4e8f elementor-widget elementor-widget-image\" data-id=\"23a4e8f\" data-element_type=\"widget\" data-e-type=\"widget\" data-widget_type=\"image.default\">\n\t\t\t\t<div class=\"elementor-widget-container\">\n\t\t\t\t\t\t\t\t\t\t\t\t\t\t\t<img fetchpriority=\"high\" decoding=\"async\" width=\"500\" height=\"500\" src=\"http:\/\/live-in-harmony.de\/wp-content\/uploads\/2024\/05\/LIVE-IN-HARMONY_20240401_093155_0000.png\" class=\"attachment-medium_large size-medium_large wp-image-86\" alt=\"\" srcset=\"http:\/\/live-in-harmony.de\/wp-content\/uploads\/2024\/05\/LIVE-IN-HARMONY_20240401_093155_0000.png 500w, http:\/\/live-in-harmony.de\/wp-content\/uploads\/2024\/05\/LIVE-IN-HARMONY_20240401_093155_0000-300x300.png 300w, http:\/\/live-in-harmony.de\/wp-content\/uploads\/2024\/05\/LIVE-IN-HARMONY_20240401_093155_0000-150x150.png 150w\" sizes=\"(max-width: 500px) 100vw, 500px\" \/>\t\t\t\t\t\t\t\t\t\t\t\t\t\t\t<\/div>\n\t\t\t\t<\/div>\n\t\t\t\t<\/div>\n\t\t<div class=\"elementor-element elementor-element-6b275cd e-con-full e-flex e-con e-child\" data-id=\"6b275cd\" data-element_type=\"container\" data-e-type=\"container\">\n\t\t\t\t<div class=\"elementor-element elementor-element-60e40a1 elementor-widget elementor-widget-text-editor\" data-id=\"60e40a1\" data-element_type=\"widget\" data-e-type=\"widget\" data-widget_type=\"text-editor.default\">\n\t\t\t\t<div class=\"elementor-widget-container\">\n\t\t\t\t\t\t\t\t\t<h2>Welche Themen besch\u00e4ftigen Dich?<\/h2><h4>In der heutigen Zeit hat jeder sein(e) P\u00e4ckchen zu tragen. Bestimmt finden wir einen Weg um Dich positiv zu unterst\u00fctzen und das Gep\u00e4ck leichter werden zu lassen.<\/h4><h4>Bist du offen f\u00fcr neue Wege? Dann wage den Schritt in die Natur und verbinde Dich mit altem und neuem Wissen.<\/h4>\t\t\t\t\t\t\t\t<\/div>\n\t\t\t\t<\/div>\n\t\t\t\t<\/div>\n\t\t\t\t\t<\/div>\n\t\t\t\t<\/div>\n\t\t<div class=\"elementor-element elementor-element-b00ffd8 e-flex e-con-boxed e-con e-parent\" data-id=\"b00ffd8\" data-element_type=\"container\" data-e-type=\"container\">\n\t\t\t\t\t<div class=\"e-con-inner\">\n\t\t\t\t<div class=\"elementor-element elementor-element-b59d4c5 elementor-widget elementor-widget-text-editor\" data-id=\"b59d4c5\" data-element_type=\"widget\" data-e-type=\"widget\" data-widget_type=\"text-editor.default\">\n\t\t\t\t<div class=\"elementor-widget-container\">\n\t\t\t\t\t\t\t\t\t<h3 style=\"text-align: center;\"><strong><em><span style=\"color: #24241d;\">Der Einzige, der Dich das ganze Leben begleitet, ist Dein K\u00f6rper.<\/span><\/em><\/strong><\/h3>\n<h3 style=\"text-align: center;\"><strong><em><span style=\"color: #24241d;\">Gib ihm das Beste!<\/span><\/em><\/strong><\/h3>\n<p style=\"text-align: center;\"><em><span style=\"color: #24241d;\">(Farac, Bernhard)<\/span><\/em><\/p>\t\t\t\t\t\t\t\t<\/div>\n\t\t\t\t<\/div>\n\t\t\t\t\t<\/div>\n\t\t\t\t<\/div>\n\t\t\t\t<\/div>\n\t\t","protected":false},"excerpt":{"rendered":"<p>Welche Themen besch\u00e4ftigen Dich? In der heutigen Zeit hat jeder sein(e) P\u00e4ckchen zu tragen. Bestimmt finden wir einen Weg um Dich positiv zu unterst\u00fctzen und das Gep\u00e4ck leichter werden zu lassen. Bist du offen f\u00fcr neue Wege? Dann wage den Schritt in die Natur und verbinde Dich mit altem und neuem Wissen. Der Einzige, der [&hellip;]<\/p>\n","protected":false},"author":1,"featured_media":0,"parent":0,"menu_order":0,"comment_status":"closed","ping_status":"closed","template":"elementor_header_footer","meta":{"footnotes":""},"class_list":["post-43","page","type-page","status-publish","hentry"],"_links":{"self":[{"href":"http:\/\/live-in-harmony.de\/index.php?rest_route=\/wp\/v2\/pages\/43","targetHints":{"allow":["GET"]}}],"collection":[{"href":"http:\/\/live-in-harmony.de\/index.php?rest_route=\/wp\/v2\/pages"}],"about":[{"href":"http:\/\/live-in-harmony.de\/index.php?rest_route=\/wp\/v2\/types\/page"}],"author":[{"embeddable":true,"href":"http:\/\/live-in-harmony.de\/index.php?rest_route=\/wp\/v2\/users\/1"}],"replies":[{"embeddable":true,"href":"http:\/\/live-in-harmony.de\/index.php?rest_route=%2Fwp%2Fv2%2Fcomments&post=43"}],"version-history":[{"count":43,"href":"http:\/\/live-in-harmony.de\/index.php?rest_route=\/wp\/v2\/pages\/43\/revisions"}],"predecessor-version":[{"id":678,"href":"http:\/\/live-in-harmony.de\/index.php?rest_route=\/wp\/v2\/pages\/43\/revisions\/678"}],"wp:attachment":[{"href":"http:\/\/live-in-harmony.de\/index.php?rest_route=%2Fwp%2Fv2%2Fmedia&parent=43"}],"curies":[{"name":"wp","href":"https:\/\/api.w.org\/{rel}","templated":true}]}}