{"id":26,"date":"2024-05-19T12:02:19","date_gmt":"2024-05-19T12:02:19","guid":{"rendered":"http:\/\/live-in-harmony.de\/workshops\/"},"modified":"2026-01-04T19:19:48","modified_gmt":"2026-01-04T19:19:48","slug":"workshops","status":"publish","type":"page","link":"http:\/\/live-in-harmony.de\/?page_id=26","title":{"rendered":"Workshops"},"content":{"rendered":"\t\t<div data-elementor-type=\"wp-page\" data-elementor-id=\"26\" class=\"elementor elementor-26\">\n\t\t\t\t<div class=\"elementor-element elementor-element-a53d40e e-flex e-con-boxed e-con e-parent\" data-id=\"a53d40e\" data-element_type=\"container\" data-e-type=\"container\">\n\t\t\t\t\t<div class=\"e-con-inner\">\n\t\t<div class=\"elementor-element elementor-element-100e08f e-con-full e-flex e-con e-child\" data-id=\"100e08f\" data-element_type=\"container\" data-e-type=\"container\">\n\t\t\t\t<div class=\"elementor-element elementor-element-60d44f5 elementor-widget elementor-widget-image\" data-id=\"60d44f5\" data-element_type=\"widget\" data-e-type=\"widget\" data-widget_type=\"image.default\">\n\t\t\t\t<div class=\"elementor-widget-container\">\n\t\t\t\t\t\t\t\t\t\t\t\t\t\t\t<img decoding=\"async\" width=\"150\" height=\"150\" src=\"http:\/\/live-in-harmony.de\/wp-content\/uploads\/2024\/05\/antony-bec-nD9tEn63suc-unsplash-150x150.jpg\" class=\"attachment-thumbnail size-thumbnail wp-image-376\" alt=\"\" \/>\t\t\t\t\t\t\t\t\t\t\t\t\t\t\t<\/div>\n\t\t\t\t<\/div>\n\t\t\t\t<\/div>\n\t\t<div class=\"elementor-element elementor-element-d89c8ed e-con-full e-flex e-con e-child\" data-id=\"d89c8ed\" data-element_type=\"container\" data-e-type=\"container\">\n\t\t\t\t<div class=\"elementor-element elementor-element-85ca95f elementor-widget elementor-widget-text-editor\" data-id=\"85ca95f\" data-element_type=\"widget\" data-e-type=\"widget\" data-widget_type=\"text-editor.default\">\n\t\t\t\t<div class=\"elementor-widget-container\">\n\t\t\t\t\t\t\t\t\t<h4><span style=\"text-decoration: underline;\"><span style=\"color: #24241d; text-decoration: underline;\">Neuro<\/span><span style=\"color: #24241d; text-decoration: underline;\"> &#8211;<\/span><span style=\"color: #24241d; text-decoration: underline;\"> Auricular &#8211; Technique:<\/span> <\/span><\/h4><h5><span style=\"color: #24241d;\">An der Basis unseres Gehirns verlaufen mehr als 1000 Nerven. Nervenimpulse steuern unsere Muskeln und Organe. Diese lebenswichtige Nervenverbindung zwischen Gehirn und der oberen Wirbels\u00e4ule werden aktiviert und besser miteinander verbunden. K\u00f6rperfunktionen, Heilung und Gesundheit werden dadurch positiv unterst\u00fctzt.<\/span><\/h5>\t\t\t\t\t\t\t\t<\/div>\n\t\t\t\t<\/div>\n\t\t\t\t<\/div>\n\t\t<div class=\"elementor-element elementor-element-e20fec5 e-con-full e-flex e-con e-child\" data-id=\"e20fec5\" data-element_type=\"container\" data-e-type=\"container\">\n\t\t\t\t<div class=\"elementor-element elementor-element-010773d elementor-widget elementor-widget-text-editor\" data-id=\"010773d\" data-element_type=\"widget\" data-e-type=\"widget\" data-widget_type=\"text-editor.default\">\n\t\t\t\t<div class=\"elementor-widget-container\">\n\t\t\t\t\t\t\t\t\t<ul><li><h5><span style=\"color: #24241d;\">NAT Kernanwendung\u00a0 \u00a0 \u00a0 \u00a030<\/span><span style=\"color: #24241d;\">min\u00a0 \u00a0 \u00a060\u20ac<\/span><\/h5><\/li><li><h5><span style=\"color: #24241d;\">NAT Comfort\u00a0 \u00a0 \u00a0 \u00a0 \u00a060min\u00a0 \u00a0 \u00a0100\u20ac<\/span><\/h5><\/li><li><h5><span style=\"color: #24241d;\">NAT Roll-Ons\u00a0 \u00a0 \u00a0 \u00a0 \u00a0 \u00a0 \u00a0 \u00a0 3<\/span><span style=\"color: #24241d;\">0min\u00a0 \u00a0 \u00a060\u20ac<\/span><\/h5><\/li><li><h5>NAT Emotional\/Stress\u00a0 \u00a0 \u00a0 20min\u00a0 \u00a0 40\u20ac<\/h5><\/li><li><h5><span style=\"color: #24241d;\">NAT Kurzanwendung Roll-Ons\u00a0 \u00a0 \u00a0 \u00a0 \u00a0 \u00a0 \u00a0 \u00a0 \u00a0 \u00a0 \u00a0 \u00a0 \u00a0<\/span><span style=\"color: #24241d;\">5-10min\u00a0 \u00a0 \u00a08-16\u20ac<\/span><\/h5><\/li><\/ul>\t\t\t\t\t\t\t\t<\/div>\n\t\t\t\t<\/div>\n\t\t\t\t<\/div>\n\t\t\t\t\t<\/div>\n\t\t\t\t<\/div>\n\t\t<div class=\"elementor-element elementor-element-7dea6b1 e-flex e-con-boxed e-con e-parent\" data-id=\"7dea6b1\" data-element_type=\"container\" data-e-type=\"container\">\n\t\t\t\t\t<div class=\"e-con-inner\">\n\t\t<div class=\"elementor-element elementor-element-fb57277 e-con-full e-flex e-con e-child\" data-id=\"fb57277\" data-element_type=\"container\" data-e-type=\"container\">\n\t\t\t\t<div class=\"elementor-element elementor-element-34cbe6f elementor-widget elementor-widget-image\" data-id=\"34cbe6f\" data-element_type=\"widget\" data-e-type=\"widget\" data-widget_type=\"image.default\">\n\t\t\t\t<div class=\"elementor-widget-container\">\n\t\t\t\t\t\t\t\t\t\t\t\t\t\t\t<img decoding=\"async\" width=\"100\" height=\"150\" src=\"http:\/\/live-in-harmony.de\/wp-content\/uploads\/2024\/05\/karsten-winegeart-WaMMo0it6Vg-unsplash-scaled.jpg\" class=\"attachment-thumbnail size-thumbnail wp-image-336\" alt=\"\" \/>\t\t\t\t\t\t\t\t\t\t\t\t\t\t\t<\/div>\n\t\t\t\t<\/div>\n\t\t\t\t<\/div>\n\t\t<div class=\"elementor-element elementor-element-8a005c1 e-con-full e-flex e-con e-child\" data-id=\"8a005c1\" data-element_type=\"container\" data-e-type=\"container\">\n\t\t\t\t<div class=\"elementor-element elementor-element-18a322e elementor-widget elementor-widget-text-editor\" data-id=\"18a322e\" data-element_type=\"widget\" data-e-type=\"widget\" data-widget_type=\"text-editor.default\">\n\t\t\t\t<div class=\"elementor-widget-container\">\n\t\t\t\t\t\t\t\t\t<h4><span style=\"text-decoration: underline; color: #24241d;\">Auricular &#8211; Technique:<\/span><\/h4><h5><span style=\"color: #24241d;\">An den Ohren werden bestimmte Akkupressurpunkte aktiviert.<\/span><\/h5>\t\t\t\t\t\t\t\t<\/div>\n\t\t\t\t<\/div>\n\t\t\t\t<\/div>\n\t\t<div class=\"elementor-element elementor-element-ce32277 e-con-full e-flex e-con e-child\" data-id=\"ce32277\" data-element_type=\"container\" data-e-type=\"container\">\n\t\t\t\t<div class=\"elementor-element elementor-element-3b5fce9 elementor-widget elementor-widget-text-editor\" data-id=\"3b5fce9\" data-element_type=\"widget\" data-e-type=\"widget\" data-widget_type=\"text-editor.default\">\n\t\t\t\t<div class=\"elementor-widget-container\">\n\t\t\t\t\t\t\t\t\t<ul><li><h5><span style=\"color: #24241d;\">AT\u00a0 \u00a0 \u00a0 \u00a0 \u00a0 \u00a0 \u00a0 \u00a0 \u00a0 \u00a0 \u00a0 \u00a0 \u00a0 \u00a0 \u00a0 \u00a0 \u00a0 5-10min\u00a0 \u00a0 \u00a015\u20ac<\/span><\/h5><\/li><\/ul>\t\t\t\t\t\t\t\t<\/div>\n\t\t\t\t<\/div>\n\t\t\t\t<\/div>\n\t\t\t\t\t<\/div>\n\t\t\t\t<\/div>\n\t\t<div class=\"elementor-element elementor-element-e5c3f4d e-flex e-con-boxed e-con e-parent\" data-id=\"e5c3f4d\" data-element_type=\"container\" data-e-type=\"container\">\n\t\t\t\t\t<div class=\"e-con-inner\">\n\t\t<div class=\"elementor-element elementor-element-c067419 e-con-full e-flex e-con e-child\" data-id=\"c067419\" data-element_type=\"container\" data-e-type=\"container\">\n\t\t\t\t<div class=\"elementor-element elementor-element-8cd519d elementor-widget elementor-widget-image\" data-id=\"8cd519d\" data-element_type=\"widget\" data-e-type=\"widget\" data-widget_type=\"image.default\">\n\t\t\t\t<div class=\"elementor-widget-container\">\n\t\t\t\t\t\t\t\t\t\t\t\t\t\t\t<img decoding=\"async\" width=\"150\" height=\"150\" src=\"http:\/\/live-in-harmony.de\/wp-content\/uploads\/2024\/05\/christopher-sardegna-iRyGmA_no2Q-unsplash-150x150.jpg\" class=\"attachment-thumbnail size-thumbnail wp-image-357\" alt=\"\" \/>\t\t\t\t\t\t\t\t\t\t\t\t\t\t\t<\/div>\n\t\t\t\t<\/div>\n\t\t\t\t<\/div>\n\t\t<div class=\"elementor-element elementor-element-55da86e e-con-full e-flex e-con e-child\" data-id=\"55da86e\" data-element_type=\"container\" data-e-type=\"container\">\n\t\t\t\t<div class=\"elementor-element elementor-element-164ed59 elementor-widget elementor-widget-text-editor\" data-id=\"164ed59\" data-element_type=\"widget\" data-e-type=\"widget\" data-widget_type=\"text-editor.default\">\n\t\t\t\t<div class=\"elementor-widget-container\">\n\t\t\t\t\t\t\t\t\t<h4><span style=\"text-decoration: underline; color: #24241d;\">Release &#8211; Technique:<\/span><\/h4><h5><span style=\"color: #24241d;\">An den H\u00e4nden und F\u00fc\u00dfen wird jedes einzelne Gelenk durch minimale Bewegungen mobilisiert. Nervenzellen werden durch die neuronale Vernetzung ins Gehirn aktiviert. Es f\u00f6rdert das Loslassen und befreit auf k\u00f6rperlicher, emotionaler und geistiger Ebene. Es hilft Stress und Druck abzubauen.<\/span><\/h5>\t\t\t\t\t\t\t\t<\/div>\n\t\t\t\t<\/div>\n\t\t\t\t<\/div>\n\t\t<div class=\"elementor-element elementor-element-8a20823 e-con-full e-flex e-con e-child\" data-id=\"8a20823\" data-element_type=\"container\" data-e-type=\"container\">\n\t\t\t\t<div class=\"elementor-element elementor-element-9dd8ce1 elementor-widget elementor-widget-text-editor\" data-id=\"9dd8ce1\" data-element_type=\"widget\" data-e-type=\"widget\" data-widget_type=\"text-editor.default\">\n\t\t\t\t<div class=\"elementor-widget-container\">\n\t\t\t\t\t\t\t\t\t<ul><li><h5><span style=\"color: #24241d;\">RT\u00a0 \u00a0 \u00a0 \u00a0 \u00a0 \u00a0 \u00a0 \u00a0 \u00a0 \u00a0 \u00a0 \u00a0 \u00a0 \u00a0 \u00a0 \u00a0 \u00a0 70min\u00a0 \u00a0 \u00a090\u20ac<\/span><\/h5><\/li><li><h5><span style=\"color: #24241d;\">RT nur H\u00e4nde\/F\u00fc\u00dfe\u00a0 30min\u00a0 \u00a0 \u00a050\u20ac<\/span><\/h5><\/li><\/ul>\t\t\t\t\t\t\t\t<\/div>\n\t\t\t\t<\/div>\n\t\t\t\t<\/div>\n\t\t\t\t\t<\/div>\n\t\t\t\t<\/div>\n\t\t<div class=\"elementor-element elementor-element-e2999e4 e-flex e-con-boxed e-con e-parent\" data-id=\"e2999e4\" data-element_type=\"container\" data-e-type=\"container\">\n\t\t\t\t\t<div class=\"e-con-inner\">\n\t\t<div class=\"elementor-element elementor-element-a4f3094 e-con-full e-flex e-con e-child\" data-id=\"a4f3094\" data-element_type=\"container\" data-e-type=\"container\">\n\t\t\t\t<div class=\"elementor-element elementor-element-936222f elementor-widget elementor-widget-image\" data-id=\"936222f\" data-element_type=\"widget\" data-e-type=\"widget\" data-widget_type=\"image.default\">\n\t\t\t\t<div class=\"elementor-widget-container\">\n\t\t\t\t\t\t\t\t\t\t\t\t\t\t\t<img loading=\"lazy\" decoding=\"async\" width=\"150\" height=\"150\" src=\"http:\/\/live-in-harmony.de\/wp-content\/uploads\/2024\/05\/aaron-burden-y0h45Oemrx4-unsplash-150x150.jpg\" class=\"attachment-thumbnail size-thumbnail wp-image-363\" alt=\"\" \/>\t\t\t\t\t\t\t\t\t\t\t\t\t\t\t<\/div>\n\t\t\t\t<\/div>\n\t\t\t\t<\/div>\n\t\t<div class=\"elementor-element elementor-element-c3f02f0 e-con-full e-flex e-con e-child\" data-id=\"c3f02f0\" data-element_type=\"container\" data-e-type=\"container\">\n\t\t\t\t<div class=\"elementor-element elementor-element-749a6da elementor-widget elementor-widget-text-editor\" data-id=\"749a6da\" data-element_type=\"widget\" data-e-type=\"widget\" data-widget_type=\"text-editor.default\">\n\t\t\t\t<div class=\"elementor-widget-container\">\n\t\t\t\t\t\t\t\t\t<h5><span style=\"text-decoration: underline;\"><span style=\"color: #24241d; text-decoration: underline;\">Raindrop:<\/span><\/span><\/h5><h5><span style=\"color: #24241d;\">Geeignet als wohltuende, entspannende Auszeit f\u00fcr jeden Alters. Aber auch eine Methode, rund um die Wirbels\u00e4ule, den inneren Heilungsprozess zu f\u00f6rdern. Wenn Ursachen bestimmter Emotionen aufgedeckt werden, k\u00f6nnen k\u00f6rperliche und emotionale Themen positiv beeinflusst werden.<\/span><\/h5>\t\t\t\t\t\t\t\t<\/div>\n\t\t\t\t<\/div>\n\t\t\t\t<\/div>\n\t\t<div class=\"elementor-element elementor-element-7b8d643 e-con-full e-flex e-con e-child\" data-id=\"7b8d643\" data-element_type=\"container\" data-e-type=\"container\">\n\t\t\t\t<div class=\"elementor-element elementor-element-7e2fc52 elementor-widget elementor-widget-text-editor\" data-id=\"7e2fc52\" data-element_type=\"widget\" data-e-type=\"widget\" data-widget_type=\"text-editor.default\">\n\t\t\t\t<div class=\"elementor-widget-container\">\n\t\t\t\t\t\t\t\t\t<ul><li><h5><span style=\"color: #24241d;\">Raindrop\u00a0 75min\u00a0 \u00a0 \u00a0120\u20ac<\/span><\/h5><\/li><\/ul>\t\t\t\t\t\t\t\t<\/div>\n\t\t\t\t<\/div>\n\t\t\t\t<\/div>\n\t\t\t\t\t<\/div>\n\t\t\t\t<\/div>\n\t\t<div class=\"elementor-element elementor-element-738aa3e e-flex e-con-boxed e-con e-parent\" data-id=\"738aa3e\" data-element_type=\"container\" data-e-type=\"container\">\n\t\t\t\t\t<div class=\"e-con-inner\">\n\t\t<div class=\"elementor-element elementor-element-b6dd9ca e-con-full e-flex e-con e-child\" data-id=\"b6dd9ca\" data-element_type=\"container\" data-e-type=\"container\">\n\t\t\t\t<div class=\"elementor-element elementor-element-f07bf66 elementor-widget elementor-widget-image\" data-id=\"f07bf66\" data-element_type=\"widget\" data-e-type=\"widget\" data-widget_type=\"image.default\">\n\t\t\t\t<div class=\"elementor-widget-container\">\n\t\t\t\t\t\t\t\t\t\t\t\t\t\t\t<img loading=\"lazy\" decoding=\"async\" width=\"150\" height=\"150\" src=\"http:\/\/live-in-harmony.de\/wp-content\/uploads\/2025\/12\/WhatsApp-Image-2025-12-20-at-13.32.53-150x150.jpeg\" class=\"attachment-thumbnail size-thumbnail wp-image-762\" alt=\"\" srcset=\"http:\/\/live-in-harmony.de\/wp-content\/uploads\/2025\/12\/WhatsApp-Image-2025-12-20-at-13.32.53-150x150.jpeg 150w, http:\/\/live-in-harmony.de\/wp-content\/uploads\/2025\/12\/WhatsApp-Image-2025-12-20-at-13.32.53-1015x1024.jpeg 1015w, http:\/\/live-in-harmony.de\/wp-content\/uploads\/2025\/12\/WhatsApp-Image-2025-12-20-at-13.32.53-768x775.jpeg 768w, http:\/\/live-in-harmony.de\/wp-content\/uploads\/2025\/12\/WhatsApp-Image-2025-12-20-at-13.32.53-1523x1536.jpeg 1523w, http:\/\/live-in-harmony.de\/wp-content\/uploads\/2025\/12\/elementor\/thumbs\/WhatsApp-Image-2025-12-20-at-13.32.53-rgfo2ol2jc1lusfqxicswekn8lk9itsi2otfn1jzyo.jpeg 200w, http:\/\/live-in-harmony.de\/wp-content\/uploads\/2025\/12\/WhatsApp-Image-2025-12-20-at-13.32.53.jpeg 1713w\" sizes=\"(max-width: 150px) 100vw, 150px\" \/>\t\t\t\t\t\t\t\t\t\t\t\t\t\t\t<\/div>\n\t\t\t\t<\/div>\n\t\t\t\t<\/div>\n\t\t<div class=\"elementor-element elementor-element-59f0c83 e-con-full e-flex e-con e-child\" data-id=\"59f0c83\" data-element_type=\"container\" data-e-type=\"container\">\n\t\t\t\t<div class=\"elementor-element elementor-element-95d7387 elementor-widget elementor-widget-text-editor\" data-id=\"95d7387\" data-element_type=\"widget\" data-e-type=\"widget\" data-widget_type=\"text-editor.default\">\n\t\t\t\t<div class=\"elementor-widget-container\">\n\t\t\t\t\t\t\t\t\t<h5><span style=\"text-decoration: underline;\"><span style=\"color: #24241d; text-decoration: underline;\">Individuell:<\/span><\/span><\/h5><h5>Bestimmte K\u00f6rpersysteme und Gesundheitsthemen werden angesprochen. Diese Anwendung f\u00f6rdert k\u00f6rperliche, emotionale und spirituelle Harmonie. Eine Anwendung nach Boyd Truman.<\/h5>\t\t\t\t\t\t\t\t<\/div>\n\t\t\t\t<\/div>\n\t\t\t\t<\/div>\n\t\t<div class=\"elementor-element elementor-element-d033fe3 e-con-full e-flex e-con e-child\" data-id=\"d033fe3\" data-element_type=\"container\" data-e-type=\"container\">\n\t\t\t\t<div class=\"elementor-element elementor-element-634b004 elementor-widget elementor-widget-text-editor\" data-id=\"634b004\" data-element_type=\"widget\" data-e-type=\"widget\" data-widget_type=\"text-editor.default\">\n\t\t\t\t<div class=\"elementor-widget-container\">\n\t\t\t\t\t\t\t\t\t<ul><li><h5><span style=\"color: #24241d;\">Individuell\u00a0 20min\u00a0 \u00a0 \u00a035\u20ac<\/span><\/h5><\/li><\/ul>\t\t\t\t\t\t\t\t<\/div>\n\t\t\t\t<\/div>\n\t\t\t\t<\/div>\n\t\t\t\t\t<\/div>\n\t\t\t\t<\/div>\n\t\t<div class=\"elementor-element elementor-element-26a866a e-flex e-con-boxed e-con e-parent\" data-id=\"26a866a\" data-element_type=\"container\" data-e-type=\"container\">\n\t\t\t\t\t<div class=\"e-con-inner\">\n\t\t\t\t<div class=\"elementor-element elementor-element-2e1781d elementor-widget elementor-widget-text-editor\" data-id=\"2e1781d\" data-element_type=\"widget\" data-e-type=\"widget\" data-widget_type=\"text-editor.default\">\n\t\t\t\t<div class=\"elementor-widget-container\">\n\t\t\t\t\t\t\t\t\t<h5 style=\"text-align: center;\"><span style=\"color: #24241d;\"><strong>Die Preisgestaltung setzt sich haupts\u00e4chlich aus der anwendbaren Vielfalt und Menge der therapeutischen Aroma\u00f6le zusammen!<\/strong><\/span><\/h5>\t\t\t\t\t\t\t\t<\/div>\n\t\t\t\t<\/div>\n\t\t\t\t\t<\/div>\n\t\t\t\t<\/div>\n\t\t\t\t<\/div>\n\t\t","protected":false},"excerpt":{"rendered":"<p>Neuro &#8211; Auricular &#8211; Technique: An der Basis unseres Gehirns verlaufen mehr als 1000 Nerven. Nervenimpulse steuern unsere Muskeln und Organe. Diese lebenswichtige Nervenverbindung zwischen Gehirn und der oberen Wirbels\u00e4ule werden aktiviert und besser miteinander verbunden. K\u00f6rperfunktionen, Heilung und Gesundheit werden dadurch positiv unterst\u00fctzt. NAT Kernanwendung\u00a0 \u00a0 \u00a0 \u00a030min\u00a0 \u00a0 \u00a060\u20ac NAT Comfort\u00a0 \u00a0 \u00a0 [&hellip;]<\/p>\n","protected":false},"author":1,"featured_media":0,"parent":0,"menu_order":0,"comment_status":"closed","ping_status":"closed","template":"elementor_header_footer","meta":{"footnotes":""},"class_list":["post-26","page","type-page","status-publish","hentry"],"_links":{"self":[{"href":"http:\/\/live-in-harmony.de\/index.php?rest_route=\/wp\/v2\/pages\/26","targetHints":{"allow":["GET"]}}],"collection":[{"href":"http:\/\/live-in-harmony.de\/index.php?rest_route=\/wp\/v2\/pages"}],"about":[{"href":"http:\/\/live-in-harmony.de\/index.php?rest_route=\/wp\/v2\/types\/page"}],"author":[{"embeddable":true,"href":"http:\/\/live-in-harmony.de\/index.php?rest_route=\/wp\/v2\/users\/1"}],"replies":[{"embeddable":true,"href":"http:\/\/live-in-harmony.de\/index.php?rest_route=%2Fwp%2Fv2%2Fcomments&post=26"}],"version-history":[{"count":127,"href":"http:\/\/live-in-harmony.de\/index.php?rest_route=\/wp\/v2\/pages\/26\/revisions"}],"predecessor-version":[{"id":779,"href":"http:\/\/live-in-harmony.de\/index.php?rest_route=\/wp\/v2\/pages\/26\/revisions\/779"}],"wp:attachment":[{"href":"http:\/\/live-in-harmony.de\/index.php?rest_route=%2Fwp%2Fv2%2Fmedia&parent=26"}],"curies":[{"name":"wp","href":"https:\/\/api.w.org\/{rel}","templated":true}]}}